{"id":74,"date":"2025-02-10T22:47:22","date_gmt":"2025-02-10T21:47:22","guid":{"rendered":"https:\/\/jmloussert.com\/?page_id=74"},"modified":"2026-03-22T15:37:32","modified_gmt":"2026-03-22T14:37:32","slug":"contact-et-information","status":"publish","type":"page","link":"https:\/\/jmloussert.com\/index.php\/contact-et-information\/","title":{"rendered":"L&rsquo;artiste"},"content":{"rendered":"\n<p><strong>J.M. Loussert<\/strong> explore la peinture comme un territoire de tensions et de sensibilit\u00e9.<br>Son travail ne cherche pas le beau, ni la repr\u00e9sentation du r\u00e9el, mais la v\u00e9rit\u00e9 des fractures \u2014 celles de l\u2019humain, peindre c\u2019est sonder les failles.<br>Il peint avec urgence et lucidit\u00e9, donnant forme \u00e0 ce qui \u00e9chappe aux mots. Pourquoi peindre quand on a les mots&nbsp;?<br>Il donne corps aux \u00e9motions rugueuses du monde.<br>Sa peinture ne repr\u00e9sente pas : elle r\u00e9v\u00e8le.<\/p>\n\n\n\n<p><strong>Citations :<\/strong><br>\u201cPeindre, c&rsquo;est faire appara\u00eetre une image diff\u00e9rente du r\u00e9el qui a la force de la r\u00e9alit\u00e9\u201d <strong>Raoul Dufy<\/strong><br>\u00ab\u00a0Je ne peins pas ce que je vois mais ce que j&rsquo;ai vu\u00a0\u00bb <strong>Edvard Munch<\/strong><\/p>\n\n\n\n<figure class=\"wp-block-image size-large\"><img loading=\"lazy\" decoding=\"async\" width=\"1024\" height=\"269\" src=\"https:\/\/jmloussert.com\/wp-content\/uploads\/2025\/05\/JML_portrait_1-1-1024x269.jpg\" alt=\"\" class=\"wp-image-1147\" srcset=\"https:\/\/jmloussert.com\/wp-content\/uploads\/2025\/05\/JML_portrait_1-1-1024x269.jpg 1024w, https:\/\/jmloussert.com\/wp-content\/uploads\/2025\/05\/JML_portrait_1-1-300x79.jpg 300w, https:\/\/jmloussert.com\/wp-content\/uploads\/2025\/05\/JML_portrait_1-1-768x202.jpg 768w, https:\/\/jmloussert.com\/wp-content\/uploads\/2025\/05\/JML_portrait_1-1-1536x403.jpg 1536w, https:\/\/jmloussert.com\/wp-content\/uploads\/2025\/05\/JML_portrait_1-1-2048x538.jpg 2048w\" sizes=\"auto, (max-width: 1024px) 100vw, 1024px\" \/><\/figure>\n\n\n\n<p>Contact : <a href=\"mailto:contact@jmloussert.com\">contact@jmloussert.com<\/a><\/p>\n\n\n\n<p><strong>Expositions :<\/strong><br>             Exposition permanente \u00e0 la Sucrerie de Colleville<br>             Exposition collective Epreville<\/p>\n\n\n\n<p><strong>Derniers cours suivis : <\/strong><a href=\"https:\/\/www.ville-fecamp.fr\/mon-quotidien\/education\/enseignement-artistique\/ecole-municipale-arts-plastiques\/\">EMAP F\u00e9camp<\/a><\/p>\n\n\n\n<p><br><strong>Atelier :<\/strong><br>La Sucrerie <br>555 rue de la sucrerie<br> 76400 Colleville<\/p>\n\n\n\n<figure class=\"wp-block-image size-full\"><img loading=\"lazy\" decoding=\"async\" width=\"822\" height=\"268\" src=\"https:\/\/jmloussert.com\/wp-content\/uploads\/2025\/08\/Capture-decran_2025-08-18_20-54-28.png\" alt=\"\" class=\"wp-image-1292\" srcset=\"https:\/\/jmloussert.com\/wp-content\/uploads\/2025\/08\/Capture-decran_2025-08-18_20-54-28.png 822w, https:\/\/jmloussert.com\/wp-content\/uploads\/2025\/08\/Capture-decran_2025-08-18_20-54-28-300x98.png 300w, https:\/\/jmloussert.com\/wp-content\/uploads\/2025\/08\/Capture-decran_2025-08-18_20-54-28-768x250.png 768w\" sizes=\"auto, (max-width: 822px) 100vw, 822px\" \/><\/figure>\n\n\n\n<p><\/p>\n\n\n\n<p><strong>Informations l\u00e9gales sur les \u0153uvres:<\/strong><br>Toutes les photos pr\u00e9sent\u00e9es sont la propri\u00e9t\u00e9 exclusive de leur auteur.<br>Ces images ne peuvent pas \u00eatre copi\u00e9es sans l&rsquo;accord de l&rsquo;auteur.<br>Aucun accord n&rsquo;existe pour que ces images soient \u00ab\u00a0ingurgit\u00e9es\u00a0\u00bb par quelque intelligence artificielle que ce soit.<\/p>\n\n\n\n<div class=\"results-btn\">\n<button onclick=\"history.go(-1);\"><i class=\"fas fa-arrow-left\"><\/i> Retour<\/button>\n<\/div>\n","protected":false},"excerpt":{"rendered":"<p>J.M. Loussert explore la peinture comme un territoire de tensions et de sensibilit\u00e9.Son travail ne cherche pas le beau, ni la repr\u00e9sentation du r\u00e9el, mais la v\u00e9rit\u00e9 des fractures \u2014 celles de l\u2019humain, peindre c\u2019est sonder les failles.Il peint avec urgence et lucidit\u00e9, donnant forme \u00e0 ce qui \u00e9chappe aux mots. Pourquoi peindre quand on &hellip; <a href=\"https:\/\/jmloussert.com\/index.php\/contact-et-information\/\" class=\"more-link\">Continuer la lecture de <span class=\"screen-reader-text\">L&rsquo;artiste<\/span><\/a><\/p>\n","protected":false},"author":1,"featured_media":0,"parent":0,"menu_order":0,"comment_status":"closed","ping_status":"closed","template":"","meta":{"footnotes":""},"class_list":["post-74","page","type-page","status-publish","hentry"],"_links":{"self":[{"href":"https:\/\/jmloussert.com\/index.php\/wp-json\/wp\/v2\/pages\/74","targetHints":{"allow":["GET"]}}],"collection":[{"href":"https:\/\/jmloussert.com\/index.php\/wp-json\/wp\/v2\/pages"}],"about":[{"href":"https:\/\/jmloussert.com\/index.php\/wp-json\/wp\/v2\/types\/page"}],"author":[{"embeddable":true,"href":"https:\/\/jmloussert.com\/index.php\/wp-json\/wp\/v2\/users\/1"}],"replies":[{"embeddable":true,"href":"https:\/\/jmloussert.com\/index.php\/wp-json\/wp\/v2\/comments?post=74"}],"version-history":[{"count":2,"href":"https:\/\/jmloussert.com\/index.php\/wp-json\/wp\/v2\/pages\/74\/revisions"}],"predecessor-version":[{"id":1635,"href":"https:\/\/jmloussert.com\/index.php\/wp-json\/wp\/v2\/pages\/74\/revisions\/1635"}],"wp:attachment":[{"href":"https:\/\/jmloussert.com\/index.php\/wp-json\/wp\/v2\/media?parent=74"}],"curies":[{"name":"wp","href":"https:\/\/api.w.org\/{rel}","templated":true}]}}